{"id":30,"date":"2020-10-07T15:54:36","date_gmt":"2020-10-07T13:54:36","guid":{"rendered":"http:\/\/simon.reverlo.fr\/?page_id=30"},"modified":"2020-10-08T16:40:15","modified_gmt":"2020-10-08T14:40:15","slug":"accueil","status":"publish","type":"page","link":"https:\/\/www.simonskiff.com\/","title":{"rendered":"Concept"},"content":{"rendered":"<p>D\u00e9riveurs en contre plaqu\u00e9 marin, transportables \u00e0 la main.<br \/>\nAuto-construction accompagn\u00e9e par un ma\u00eetre-charpentier.<br \/>\nConstruisez v\u00f4tre propre bateau de A \u00e0 Z sur plans originaux.<br \/>\nRejoignez la communaut\u00e9 de Skiffers au fil de l&#8217;eau.<\/p>\n","protected":false},"excerpt":{"rendered":"<p>D\u00e9riveurs en contre plaqu\u00e9 marin, transportables \u00e0 la main. Auto-construction accompagn\u00e9e par un ma\u00eetre-charpentier. Construisez v\u00f4tre propre bateau de A \u00e0 Z sur plans originaux. Rejoignez la communaut\u00e9 de Skiffers au fil de l&#8217;eau.<\/p>\n","protected":false},"author":1,"featured_media":0,"parent":0,"menu_order":0,"comment_status":"closed","ping_status":"closed","template":"","meta":{"footnotes":""},"_links":{"self":[{"href":"https:\/\/www.simonskiff.com\/index.php\/wp-json\/wp\/v2\/pages\/30"}],"collection":[{"href":"https:\/\/www.simonskiff.com\/index.php\/wp-json\/wp\/v2\/pages"}],"about":[{"href":"https:\/\/www.simonskiff.com\/index.php\/wp-json\/wp\/v2\/types\/page"}],"author":[{"embeddable":true,"href":"https:\/\/www.simonskiff.com\/index.php\/wp-json\/wp\/v2\/users\/1"}],"replies":[{"embeddable":true,"href":"https:\/\/www.simonskiff.com\/index.php\/wp-json\/wp\/v2\/comments?post=30"}],"version-history":[{"count":3,"href":"https:\/\/www.simonskiff.com\/index.php\/wp-json\/wp\/v2\/pages\/30\/revisions"}],"predecessor-version":[{"id":122,"href":"https:\/\/www.simonskiff.com\/index.php\/wp-json\/wp\/v2\/pages\/30\/revisions\/122"}],"wp:attachment":[{"href":"https:\/\/www.simonskiff.com\/index.php\/wp-json\/wp\/v2\/media?parent=30"}],"curies":[{"name":"wp","href":"https:\/\/api.w.org\/{rel}","templated":true}]}}