{"id":161,"date":"2020-10-15T18:31:10","date_gmt":"2020-10-15T16:31:10","guid":{"rendered":"http:\/\/simon.reverlo.fr\/?page_id=161"},"modified":"2020-10-15T19:18:46","modified_gmt":"2020-10-15T17:18:46","slug":"restauration","status":"publish","type":"page","link":"https:\/\/www.simonskiff.com\/index.php\/restauration\/","title":{"rendered":"Bateaux \u00e0 vendre"},"content":{"rendered":"\n<h2 class=\"wp-block-heading\">Derni\u00e8res pi\u00e8ces restaur\u00e9es<br><br><\/h2>\n\n\n\n<p>Des dinghys en bois enti\u00e8rement restaur\u00e9s dans l&#8217;atelier de Philippe Simon.<br>Un bateau classique m\u00e9rite un annexe \u00e0 l&#8217;hauteur, construit avec des mat\u00e9riaux nobles, avec des formes \u00e9l\u00e9gantes et une belle histoire derri\u00e8re.<br><br><\/p>\n\n\n\n<h4 class=\"wp-block-heading\">Dinghy Mattonnat   <\/h4>\n\n\n\n<p>Construit \u00e0 Arcachon en  1950.<br>Description : Construction sur moule en petites lattes.<br>Bois : Spruce<br>Etat : Enti\u00e8rement Restaur\u00e9<br>Prix : 3000\u20ac<\/p>\n\n\n\n<ul class=\"wp-block-gallery columns-2 is-cropped wp-block-gallery-1 is-layout-flex wp-block-gallery-is-layout-flex\"><li class=\"blocks-gallery-item\"><figure><img decoding=\"async\" loading=\"lazy\" width=\"1024\" height=\"683\" src=\"http:\/\/simon.reverlo.fr\/wp-content\/uploads\/2020\/10\/P1000718-1024x683.jpg\" alt=\"\" data-id=\"163\" data-link=\"http:\/\/simon.reverlo.fr\/?attachment_id=163\" class=\"wp-image-163\" srcset=\"https:\/\/www.simonskiff.com\/wp-content\/uploads\/2020\/10\/P1000718-1024x683.jpg 1024w, https:\/\/www.simonskiff.com\/wp-content\/uploads\/2020\/10\/P1000718-300x200.jpg 300w, https:\/\/www.simonskiff.com\/wp-content\/uploads\/2020\/10\/P1000718-768x512.jpg 768w\" sizes=\"(max-width: 767px) 89vw, (max-width: 1000px) 54vw, (max-width: 1071px) 543px, 580px\" \/><\/figure><\/li><li class=\"blocks-gallery-item\"><figure><img decoding=\"async\" loading=\"lazy\" width=\"1024\" height=\"683\" src=\"http:\/\/simon.reverlo.fr\/wp-content\/uploads\/2020\/10\/P1000719-1024x683.jpg\" alt=\"\" data-id=\"164\" data-link=\"http:\/\/simon.reverlo.fr\/?attachment_id=164\" class=\"wp-image-164\" srcset=\"https:\/\/www.simonskiff.com\/wp-content\/uploads\/2020\/10\/P1000719-1024x683.jpg 1024w, https:\/\/www.simonskiff.com\/wp-content\/uploads\/2020\/10\/P1000719-300x200.jpg 300w, https:\/\/www.simonskiff.com\/wp-content\/uploads\/2020\/10\/P1000719-768x512.jpg 768w\" sizes=\"(max-width: 767px) 89vw, (max-width: 1000px) 54vw, (max-width: 1071px) 543px, 580px\" \/><\/figure><\/li><li class=\"blocks-gallery-item\"><figure><img decoding=\"async\" loading=\"lazy\" width=\"1024\" height=\"683\" src=\"http:\/\/simon.reverlo.fr\/wp-content\/uploads\/2020\/10\/P1000721-1024x683.jpg\" alt=\"\" data-id=\"165\" data-link=\"http:\/\/simon.reverlo.fr\/?attachment_id=165\" class=\"wp-image-165\" srcset=\"https:\/\/www.simonskiff.com\/wp-content\/uploads\/2020\/10\/P1000721-1024x683.jpg 1024w, https:\/\/www.simonskiff.com\/wp-content\/uploads\/2020\/10\/P1000721-300x200.jpg 300w, https:\/\/www.simonskiff.com\/wp-content\/uploads\/2020\/10\/P1000721-768x512.jpg 768w\" sizes=\"(max-width: 767px) 89vw, (max-width: 1000px) 54vw, (max-width: 1071px) 543px, 580px\" \/><\/figure><\/li><li class=\"blocks-gallery-item\"><figure><img decoding=\"async\" loading=\"lazy\" width=\"1024\" height=\"683\" src=\"http:\/\/simon.reverlo.fr\/wp-content\/uploads\/2020\/10\/P1000722-1-1024x683.jpg\" alt=\"\" data-id=\"166\" data-link=\"http:\/\/simon.reverlo.fr\/?attachment_id=166\" class=\"wp-image-166\" srcset=\"https:\/\/www.simonskiff.com\/wp-content\/uploads\/2020\/10\/P1000722-1-1024x683.jpg 1024w, https:\/\/www.simonskiff.com\/wp-content\/uploads\/2020\/10\/P1000722-1-300x200.jpg 300w, https:\/\/www.simonskiff.com\/wp-content\/uploads\/2020\/10\/P1000722-1-768x512.jpg 768w\" sizes=\"(max-width: 767px) 89vw, (max-width: 1000px) 54vw, (max-width: 1071px) 543px, 580px\" \/><\/figure><\/li><li class=\"blocks-gallery-item\"><figure><img decoding=\"async\" loading=\"lazy\" width=\"1024\" height=\"683\" src=\"http:\/\/simon.reverlo.fr\/wp-content\/uploads\/2020\/10\/P1000723-1024x683.jpg\" alt=\"\" data-id=\"167\" data-link=\"http:\/\/simon.reverlo.fr\/?attachment_id=167\" class=\"wp-image-167\" srcset=\"https:\/\/www.simonskiff.com\/wp-content\/uploads\/2020\/10\/P1000723-1024x683.jpg 1024w, https:\/\/www.simonskiff.com\/wp-content\/uploads\/2020\/10\/P1000723-300x200.jpg 300w, https:\/\/www.simonskiff.com\/wp-content\/uploads\/2020\/10\/P1000723-768x512.jpg 768w\" sizes=\"(max-width: 767px) 89vw, (max-width: 1000px) 54vw, (max-width: 1071px) 543px, 580px\" \/><\/figure><\/li><\/ul>\n\n\n\n<h4 class=\"wp-block-heading\"><br><br><br><\/h4>\n\n\n\n<h4 class=\"wp-block-heading\">Dinghy \u00e0 clin<\/h4>\n\n\n\n<p>Construit en Angleterre en  1980.<br>Description : Copie du Dinghy existant d&#8217;un Yacht de 1907 <br>Bois : Acajou<br>Etat : Enti\u00e8rement Restaur\u00e9<br>Prix : 3500\u20ac<\/p>\n\n\n\n<ul class=\"wp-block-gallery columns-2 is-cropped wp-block-gallery-3 is-layout-flex wp-block-gallery-is-layout-flex\"><li class=\"blocks-gallery-item\"><figure><img decoding=\"async\" loading=\"lazy\" width=\"1024\" height=\"683\" src=\"http:\/\/simon.reverlo.fr\/wp-content\/uploads\/2020\/10\/P1000504-1024x683.jpg\" alt=\"\" data-id=\"169\" data-link=\"http:\/\/simon.reverlo.fr\/?attachment_id=169\" class=\"wp-image-169\" srcset=\"https:\/\/www.simonskiff.com\/wp-content\/uploads\/2020\/10\/P1000504-1024x683.jpg 1024w, https:\/\/www.simonskiff.com\/wp-content\/uploads\/2020\/10\/P1000504-300x200.jpg 300w, https:\/\/www.simonskiff.com\/wp-content\/uploads\/2020\/10\/P1000504-768x512.jpg 768w\" sizes=\"(max-width: 767px) 89vw, (max-width: 1000px) 54vw, (max-width: 1071px) 543px, 580px\" \/><\/figure><\/li><li class=\"blocks-gallery-item\"><figure><img decoding=\"async\" loading=\"lazy\" width=\"1024\" height=\"683\" src=\"http:\/\/simon.reverlo.fr\/wp-content\/uploads\/2020\/10\/P1000505-1024x683.jpg\" alt=\"\" data-id=\"170\" data-link=\"http:\/\/simon.reverlo.fr\/?attachment_id=170\" class=\"wp-image-170\" srcset=\"https:\/\/www.simonskiff.com\/wp-content\/uploads\/2020\/10\/P1000505-1024x683.jpg 1024w, https:\/\/www.simonskiff.com\/wp-content\/uploads\/2020\/10\/P1000505-300x200.jpg 300w, https:\/\/www.simonskiff.com\/wp-content\/uploads\/2020\/10\/P1000505-768x512.jpg 768w\" sizes=\"(max-width: 767px) 89vw, (max-width: 1000px) 54vw, (max-width: 1071px) 543px, 580px\" \/><\/figure><\/li><li class=\"blocks-gallery-item\"><figure><img decoding=\"async\" loading=\"lazy\" width=\"1024\" height=\"683\" src=\"http:\/\/simon.reverlo.fr\/wp-content\/uploads\/2020\/10\/P1000540-1024x683.jpg\" alt=\"\" data-id=\"171\" data-link=\"http:\/\/simon.reverlo.fr\/?attachment_id=171\" class=\"wp-image-171\" srcset=\"https:\/\/www.simonskiff.com\/wp-content\/uploads\/2020\/10\/P1000540-1024x683.jpg 1024w, https:\/\/www.simonskiff.com\/wp-content\/uploads\/2020\/10\/P1000540-300x200.jpg 300w, https:\/\/www.simonskiff.com\/wp-content\/uploads\/2020\/10\/P1000540-768x512.jpg 768w\" sizes=\"(max-width: 767px) 89vw, (max-width: 1000px) 54vw, (max-width: 1071px) 543px, 580px\" \/><\/figure><\/li><li class=\"blocks-gallery-item\"><figure><img decoding=\"async\" loading=\"lazy\" width=\"1024\" height=\"683\" src=\"http:\/\/simon.reverlo.fr\/wp-content\/uploads\/2020\/10\/P1000758-1024x683.jpg\" alt=\"\" data-id=\"172\" data-link=\"http:\/\/simon.reverlo.fr\/?attachment_id=172\" class=\"wp-image-172\" srcset=\"https:\/\/www.simonskiff.com\/wp-content\/uploads\/2020\/10\/P1000758-1024x683.jpg 1024w, https:\/\/www.simonskiff.com\/wp-content\/uploads\/2020\/10\/P1000758-300x200.jpg 300w, https:\/\/www.simonskiff.com\/wp-content\/uploads\/2020\/10\/P1000758-768x512.jpg 768w\" sizes=\"(max-width: 767px) 89vw, (max-width: 1000px) 54vw, (max-width: 1071px) 543px, 580px\" \/><\/figure><\/li><li class=\"blocks-gallery-item\"><figure><img decoding=\"async\" loading=\"lazy\" width=\"1024\" height=\"683\" src=\"http:\/\/simon.reverlo.fr\/wp-content\/uploads\/2020\/10\/P1000759-1024x683.jpg\" alt=\"\" data-id=\"173\" data-link=\"http:\/\/simon.reverlo.fr\/?attachment_id=173\" class=\"wp-image-173\" srcset=\"https:\/\/www.simonskiff.com\/wp-content\/uploads\/2020\/10\/P1000759-1024x683.jpg 1024w, https:\/\/www.simonskiff.com\/wp-content\/uploads\/2020\/10\/P1000759-300x200.jpg 300w, https:\/\/www.simonskiff.com\/wp-content\/uploads\/2020\/10\/P1000759-768x512.jpg 768w\" sizes=\"(max-width: 767px) 89vw, (max-width: 1000px) 54vw, (max-width: 1071px) 543px, 580px\" \/><\/figure><\/li><li class=\"blocks-gallery-item\"><figure><img decoding=\"async\" loading=\"lazy\" width=\"1024\" height=\"683\" src=\"http:\/\/simon.reverlo.fr\/wp-content\/uploads\/2020\/10\/P1000761-1024x683.jpg\" alt=\"\" data-id=\"174\" data-link=\"http:\/\/simon.reverlo.fr\/?attachment_id=174\" class=\"wp-image-174\" srcset=\"https:\/\/www.simonskiff.com\/wp-content\/uploads\/2020\/10\/P1000761-1024x683.jpg 1024w, https:\/\/www.simonskiff.com\/wp-content\/uploads\/2020\/10\/P1000761-300x200.jpg 300w, https:\/\/www.simonskiff.com\/wp-content\/uploads\/2020\/10\/P1000761-768x512.jpg 768w\" sizes=\"(max-width: 767px) 89vw, (max-width: 1000px) 54vw, (max-width: 1071px) 543px, 580px\" \/><\/figure><\/li><\/ul>\n\n\n\n<p><br><br><\/p>\n\n\n\n<h4 class=\"wp-block-heading\">Canot \u00e0 rames du lac du Bourguet<\/h4>\n\n\n\n<p>Construit \u00e0 Bourget le Lac en 1940.<br>Description : Dessin\u00e9 et construit par J. Basset<br>Bois : Acajou<br>Etat : Enti\u00e8rement Restaur\u00e9<br>Prix : 4500\u20ac<\/p>\n\n\n\n<ul class=\"wp-block-gallery columns-3 is-cropped wp-block-gallery-5 is-layout-flex wp-block-gallery-is-layout-flex\"><li class=\"blocks-gallery-item\"><figure><img decoding=\"async\" loading=\"lazy\" width=\"1024\" height=\"768\" src=\"http:\/\/simon.reverlo.fr\/wp-content\/uploads\/2020\/10\/P1020027-1024x768.jpg\" alt=\"\" data-id=\"176\" data-link=\"http:\/\/simon.reverlo.fr\/?attachment_id=176\" class=\"wp-image-176\" srcset=\"https:\/\/www.simonskiff.com\/wp-content\/uploads\/2020\/10\/P1020027-1024x768.jpg 1024w, https:\/\/www.simonskiff.com\/wp-content\/uploads\/2020\/10\/P1020027-300x225.jpg 300w, https:\/\/www.simonskiff.com\/wp-content\/uploads\/2020\/10\/P1020027-768x576.jpg 768w\" sizes=\"(max-width: 767px) 89vw, (max-width: 1000px) 54vw, (max-width: 1071px) 543px, 580px\" \/><\/figure><\/li><li class=\"blocks-gallery-item\"><figure><img decoding=\"async\" loading=\"lazy\" width=\"1024\" height=\"768\" src=\"http:\/\/simon.reverlo.fr\/wp-content\/uploads\/2020\/10\/P1020028-1024x768.jpg\" alt=\"\" data-id=\"177\" data-link=\"http:\/\/simon.reverlo.fr\/?attachment_id=177\" class=\"wp-image-177\" srcset=\"https:\/\/www.simonskiff.com\/wp-content\/uploads\/2020\/10\/P1020028-1024x768.jpg 1024w, https:\/\/www.simonskiff.com\/wp-content\/uploads\/2020\/10\/P1020028-300x225.jpg 300w, https:\/\/www.simonskiff.com\/wp-content\/uploads\/2020\/10\/P1020028-768x576.jpg 768w\" sizes=\"(max-width: 767px) 89vw, (max-width: 1000px) 54vw, (max-width: 1071px) 543px, 580px\" \/><\/figure><\/li><li class=\"blocks-gallery-item\"><figure><img decoding=\"async\" loading=\"lazy\" width=\"1024\" height=\"768\" src=\"http:\/\/simon.reverlo.fr\/wp-content\/uploads\/2020\/10\/P1020029-1024x768.jpg\" alt=\"\" data-id=\"178\" data-link=\"http:\/\/simon.reverlo.fr\/?attachment_id=178\" class=\"wp-image-178\" srcset=\"https:\/\/www.simonskiff.com\/wp-content\/uploads\/2020\/10\/P1020029-1024x768.jpg 1024w, https:\/\/www.simonskiff.com\/wp-content\/uploads\/2020\/10\/P1020029-300x225.jpg 300w, https:\/\/www.simonskiff.com\/wp-content\/uploads\/2020\/10\/P1020029-768x576.jpg 768w\" sizes=\"(max-width: 767px) 89vw, (max-width: 1000px) 54vw, (max-width: 1071px) 543px, 580px\" \/><\/figure><\/li><li class=\"blocks-gallery-item\"><figure><img decoding=\"async\" loading=\"lazy\" width=\"1024\" height=\"768\" src=\"http:\/\/simon.reverlo.fr\/wp-content\/uploads\/2020\/10\/P1020066-1024x768.jpg\" alt=\"\" data-id=\"179\" data-link=\"http:\/\/simon.reverlo.fr\/?attachment_id=179\" class=\"wp-image-179\" srcset=\"https:\/\/www.simonskiff.com\/wp-content\/uploads\/2020\/10\/P1020066-1024x768.jpg 1024w, https:\/\/www.simonskiff.com\/wp-content\/uploads\/2020\/10\/P1020066-300x225.jpg 300w, https:\/\/www.simonskiff.com\/wp-content\/uploads\/2020\/10\/P1020066-768x576.jpg 768w\" sizes=\"(max-width: 767px) 89vw, (max-width: 1000px) 54vw, (max-width: 1071px) 543px, 580px\" \/><\/figure><\/li><li class=\"blocks-gallery-item\"><figure><img decoding=\"async\" loading=\"lazy\" width=\"1024\" height=\"768\" src=\"http:\/\/simon.reverlo.fr\/wp-content\/uploads\/2020\/10\/P1020067-1024x768.jpg\" alt=\"\" data-id=\"180\" data-link=\"http:\/\/simon.reverlo.fr\/?attachment_id=180\" class=\"wp-image-180\" srcset=\"https:\/\/www.simonskiff.com\/wp-content\/uploads\/2020\/10\/P1020067-1024x768.jpg 1024w, https:\/\/www.simonskiff.com\/wp-content\/uploads\/2020\/10\/P1020067-300x225.jpg 300w, https:\/\/www.simonskiff.com\/wp-content\/uploads\/2020\/10\/P1020067-768x576.jpg 768w\" sizes=\"(max-width: 767px) 89vw, (max-width: 1000px) 54vw, (max-width: 1071px) 543px, 580px\" \/><\/figure><\/li><li class=\"blocks-gallery-item\"><figure><img decoding=\"async\" loading=\"lazy\" width=\"1024\" height=\"768\" src=\"http:\/\/simon.reverlo.fr\/wp-content\/uploads\/2020\/10\/P1020068-1024x768.jpg\" alt=\"\" data-id=\"181\" data-link=\"http:\/\/simon.reverlo.fr\/?attachment_id=181\" class=\"wp-image-181\" srcset=\"https:\/\/www.simonskiff.com\/wp-content\/uploads\/2020\/10\/P1020068-1024x768.jpg 1024w, https:\/\/www.simonskiff.com\/wp-content\/uploads\/2020\/10\/P1020068-300x225.jpg 300w, https:\/\/www.simonskiff.com\/wp-content\/uploads\/2020\/10\/P1020068-768x576.jpg 768w\" sizes=\"(max-width: 767px) 89vw, (max-width: 1000px) 54vw, (max-width: 1071px) 543px, 580px\" \/><\/figure><\/li><li class=\"blocks-gallery-item\"><figure><img decoding=\"async\" loading=\"lazy\" width=\"1024\" height=\"768\" src=\"http:\/\/simon.reverlo.fr\/wp-content\/uploads\/2020\/10\/P1020069-1024x768.jpg\" alt=\"\" data-id=\"182\" data-link=\"http:\/\/simon.reverlo.fr\/?attachment_id=182\" class=\"wp-image-182\" srcset=\"https:\/\/www.simonskiff.com\/wp-content\/uploads\/2020\/10\/P1020069-1024x768.jpg 1024w, https:\/\/www.simonskiff.com\/wp-content\/uploads\/2020\/10\/P1020069-300x225.jpg 300w, https:\/\/www.simonskiff.com\/wp-content\/uploads\/2020\/10\/P1020069-768x576.jpg 768w\" sizes=\"(max-width: 767px) 89vw, (max-width: 1000px) 54vw, (max-width: 1071px) 543px, 580px\" \/><\/figure><\/li><li class=\"blocks-gallery-item\"><figure><img decoding=\"async\" loading=\"lazy\" width=\"1024\" height=\"768\" src=\"http:\/\/simon.reverlo.fr\/wp-content\/uploads\/2020\/10\/P1020073-1024x768.jpg\" alt=\"\" data-id=\"183\" data-link=\"http:\/\/simon.reverlo.fr\/?attachment_id=183\" class=\"wp-image-183\" srcset=\"https:\/\/www.simonskiff.com\/wp-content\/uploads\/2020\/10\/P1020073-1024x768.jpg 1024w, https:\/\/www.simonskiff.com\/wp-content\/uploads\/2020\/10\/P1020073-300x225.jpg 300w, https:\/\/www.simonskiff.com\/wp-content\/uploads\/2020\/10\/P1020073-768x576.jpg 768w\" sizes=\"(max-width: 767px) 89vw, (max-width: 1000px) 54vw, (max-width: 1071px) 543px, 580px\" \/><\/figure><\/li><li class=\"blocks-gallery-item\"><figure><img decoding=\"async\" loading=\"lazy\" width=\"1024\" height=\"768\" src=\"http:\/\/simon.reverlo.fr\/wp-content\/uploads\/2020\/10\/P1020074-1024x768.jpg\" alt=\"\" data-id=\"184\" data-link=\"http:\/\/simon.reverlo.fr\/?attachment_id=184\" class=\"wp-image-184\" srcset=\"https:\/\/www.simonskiff.com\/wp-content\/uploads\/2020\/10\/P1020074-1024x768.jpg 1024w, https:\/\/www.simonskiff.com\/wp-content\/uploads\/2020\/10\/P1020074-300x225.jpg 300w, https:\/\/www.simonskiff.com\/wp-content\/uploads\/2020\/10\/P1020074-768x576.jpg 768w\" sizes=\"(max-width: 767px) 89vw, (max-width: 1000px) 54vw, (max-width: 1071px) 543px, 580px\" \/><\/figure><\/li><li class=\"blocks-gallery-item\"><figure><img decoding=\"async\" loading=\"lazy\" width=\"1024\" height=\"768\" src=\"http:\/\/simon.reverlo.fr\/wp-content\/uploads\/2020\/10\/P1020075-1024x768.jpg\" alt=\"\" data-id=\"185\" data-link=\"http:\/\/simon.reverlo.fr\/?attachment_id=185\" class=\"wp-image-185\" srcset=\"https:\/\/www.simonskiff.com\/wp-content\/uploads\/2020\/10\/P1020075-1024x768.jpg 1024w, https:\/\/www.simonskiff.com\/wp-content\/uploads\/2020\/10\/P1020075-300x225.jpg 300w, https:\/\/www.simonskiff.com\/wp-content\/uploads\/2020\/10\/P1020075-768x576.jpg 768w\" sizes=\"(max-width: 767px) 89vw, (max-width: 1000px) 54vw, (max-width: 1071px) 543px, 580px\" \/><\/figure><\/li><li class=\"blocks-gallery-item\"><figure><img decoding=\"async\" loading=\"lazy\" width=\"1024\" height=\"768\" src=\"http:\/\/simon.reverlo.fr\/wp-content\/uploads\/2020\/10\/P1020076-1024x768.jpg\" alt=\"\" data-id=\"187\" data-link=\"http:\/\/simon.reverlo.fr\/?attachment_id=187\" class=\"wp-image-187\" srcset=\"https:\/\/www.simonskiff.com\/wp-content\/uploads\/2020\/10\/P1020076-1024x768.jpg 1024w, https:\/\/www.simonskiff.com\/wp-content\/uploads\/2020\/10\/P1020076-300x225.jpg 300w, https:\/\/www.simonskiff.com\/wp-content\/uploads\/2020\/10\/P1020076-768x576.jpg 768w\" sizes=\"(max-width: 767px) 89vw, (max-width: 1000px) 54vw, (max-width: 1071px) 543px, 580px\" \/><\/figure><\/li><li class=\"blocks-gallery-item\"><figure><img decoding=\"async\" loading=\"lazy\" width=\"1024\" height=\"768\" src=\"http:\/\/simon.reverlo.fr\/wp-content\/uploads\/2020\/10\/P1020077-1024x768.jpg\" alt=\"\" data-id=\"188\" data-link=\"http:\/\/simon.reverlo.fr\/?attachment_id=188\" class=\"wp-image-188\" srcset=\"https:\/\/www.simonskiff.com\/wp-content\/uploads\/2020\/10\/P1020077-1024x768.jpg 1024w, https:\/\/www.simonskiff.com\/wp-content\/uploads\/2020\/10\/P1020077-300x225.jpg 300w, https:\/\/www.simonskiff.com\/wp-content\/uploads\/2020\/10\/P1020077-768x576.jpg 768w\" sizes=\"(max-width: 767px) 89vw, (max-width: 1000px) 54vw, (max-width: 1071px) 543px, 580px\" \/><\/figure><\/li><li class=\"blocks-gallery-item\"><figure><img decoding=\"async\" loading=\"lazy\" width=\"1024\" height=\"768\" src=\"http:\/\/simon.reverlo.fr\/wp-content\/uploads\/2020\/10\/P1020078-1024x768.jpg\" alt=\"\" data-id=\"189\" data-link=\"http:\/\/simon.reverlo.fr\/?attachment_id=189\" class=\"wp-image-189\" srcset=\"https:\/\/www.simonskiff.com\/wp-content\/uploads\/2020\/10\/P1020078-1024x768.jpg 1024w, https:\/\/www.simonskiff.com\/wp-content\/uploads\/2020\/10\/P1020078-300x225.jpg 300w, https:\/\/www.simonskiff.com\/wp-content\/uploads\/2020\/10\/P1020078-768x576.jpg 768w\" sizes=\"(max-width: 767px) 89vw, (max-width: 1000px) 54vw, (max-width: 1071px) 543px, 580px\" \/><\/figure><\/li><li class=\"blocks-gallery-item\"><figure><img decoding=\"async\" loading=\"lazy\" width=\"1024\" height=\"768\" src=\"http:\/\/simon.reverlo.fr\/wp-content\/uploads\/2020\/10\/P1020079-1024x768.jpg\" alt=\"\" data-id=\"190\" data-link=\"http:\/\/simon.reverlo.fr\/?attachment_id=190\" class=\"wp-image-190\" srcset=\"https:\/\/www.simonskiff.com\/wp-content\/uploads\/2020\/10\/P1020079-1024x768.jpg 1024w, https:\/\/www.simonskiff.com\/wp-content\/uploads\/2020\/10\/P1020079-300x225.jpg 300w, https:\/\/www.simonskiff.com\/wp-content\/uploads\/2020\/10\/P1020079-768x576.jpg 768w\" sizes=\"(max-width: 767px) 89vw, (max-width: 1000px) 54vw, (max-width: 1071px) 543px, 580px\" \/><\/figure><\/li><li class=\"blocks-gallery-item\"><figure><img decoding=\"async\" loading=\"lazy\" width=\"1024\" height=\"768\" src=\"http:\/\/simon.reverlo.fr\/wp-content\/uploads\/2020\/10\/P1020080-1024x768.jpg\" alt=\"\" data-id=\"191\" data-link=\"http:\/\/simon.reverlo.fr\/?attachment_id=191\" class=\"wp-image-191\" srcset=\"https:\/\/www.simonskiff.com\/wp-content\/uploads\/2020\/10\/P1020080-1024x768.jpg 1024w, https:\/\/www.simonskiff.com\/wp-content\/uploads\/2020\/10\/P1020080-300x225.jpg 300w, https:\/\/www.simonskiff.com\/wp-content\/uploads\/2020\/10\/P1020080-768x576.jpg 768w\" sizes=\"(max-width: 767px) 89vw, (max-width: 1000px) 54vw, (max-width: 1071px) 543px, 580px\" \/><\/figure><\/li><li class=\"blocks-gallery-item\"><figure><img decoding=\"async\" loading=\"lazy\" width=\"1024\" height=\"768\" src=\"http:\/\/simon.reverlo.fr\/wp-content\/uploads\/2020\/10\/P1020081-1024x768.jpg\" alt=\"\" data-id=\"192\" data-link=\"http:\/\/simon.reverlo.fr\/?attachment_id=192\" class=\"wp-image-192\" srcset=\"https:\/\/www.simonskiff.com\/wp-content\/uploads\/2020\/10\/P1020081-1024x768.jpg 1024w, https:\/\/www.simonskiff.com\/wp-content\/uploads\/2020\/10\/P1020081-300x225.jpg 300w, https:\/\/www.simonskiff.com\/wp-content\/uploads\/2020\/10\/P1020081-768x576.jpg 768w\" sizes=\"(max-width: 767px) 89vw, (max-width: 1000px) 54vw, (max-width: 1071px) 543px, 580px\" \/><\/figure><\/li><\/ul>\n","protected":false},"excerpt":{"rendered":"<p>Derni\u00e8res pi\u00e8ces restaur\u00e9es Des dinghys en bois enti\u00e8rement restaur\u00e9s dans l&#8217;atelier de Philippe Simon.Un bateau classique m\u00e9rite un annexe \u00e0 l&#8217;hauteur, construit avec des mat\u00e9riaux nobles, avec des formes \u00e9l\u00e9gantes et une belle histoire derri\u00e8re. Dinghy Mattonnat Construit \u00e0 Arcachon en 1950.Description : Construction sur moule en petites lattes.Bois : SpruceEtat : Enti\u00e8rement Restaur\u00e9Prix : &hellip; <\/p>\n<p class=\"link-more\"><a href=\"https:\/\/www.simonskiff.com\/index.php\/restauration\/\" class=\"more-link\">Continue reading<span class=\"screen-reader-text\"> &#8220;Bateaux \u00e0 vendre&#8221;<\/span><\/a><\/p>\n","protected":false},"author":1,"featured_media":0,"parent":0,"menu_order":0,"comment_status":"closed","ping_status":"closed","template":"","meta":{"footnotes":""},"_links":{"self":[{"href":"https:\/\/www.simonskiff.com\/index.php\/wp-json\/wp\/v2\/pages\/161"}],"collection":[{"href":"https:\/\/www.simonskiff.com\/index.php\/wp-json\/wp\/v2\/pages"}],"about":[{"href":"https:\/\/www.simonskiff.com\/index.php\/wp-json\/wp\/v2\/types\/page"}],"author":[{"embeddable":true,"href":"https:\/\/www.simonskiff.com\/index.php\/wp-json\/wp\/v2\/users\/1"}],"replies":[{"embeddable":true,"href":"https:\/\/www.simonskiff.com\/index.php\/wp-json\/wp\/v2\/comments?post=161"}],"version-history":[{"count":7,"href":"https:\/\/www.simonskiff.com\/index.php\/wp-json\/wp\/v2\/pages\/161\/revisions"}],"predecessor-version":[{"id":203,"href":"https:\/\/www.simonskiff.com\/index.php\/wp-json\/wp\/v2\/pages\/161\/revisions\/203"}],"wp:attachment":[{"href":"https:\/\/www.simonskiff.com\/index.php\/wp-json\/wp\/v2\/media?parent=161"}],"curies":[{"name":"wp","href":"https:\/\/api.w.org\/{rel}","templated":true}]}}