{"id":155,"date":"2020-10-15T17:55:41","date_gmt":"2020-10-15T15:55:41","guid":{"rendered":"http:\/\/simon.reverlo.fr\/?page_id=155"},"modified":"2020-10-15T17:56:37","modified_gmt":"2020-10-15T15:56:37","slug":"philippe-simon","status":"publish","type":"page","link":"https:\/\/www.simonskiff.com\/index.php\/philippe-simon\/","title":{"rendered":"Philippe Simon"},"content":{"rendered":"<p>Philippe Simon navigue et soigne des bateaux en bois depuis 40 ans. Sept transats dans ses \u00e9paules, dont trois en solitaire, et vingt travers\u00e9s du Golfe de Gascogne. Nombreux grands chantiers ont pass\u00e9 entre ses mains, dont les deux m\u00e2ts du Pride of Baltimore, l&#8217;un des voiliers les plus sublimes qui traversent aujourd&#8217;hui les mers.&nbsp;<\/p>\n\n\n<figure class=\"wp-block-image\"><img decoding=\"async\" loading=\"lazy\" width=\"1024\" height=\"341\" src=\"http:\/\/simon.reverlo.fr\/wp-content\/uploads\/2020\/10\/banner-1024x341.jpg\" alt=\"\" class=\"wp-image-153\" srcset=\"https:\/\/www.simonskiff.com\/wp-content\/uploads\/2020\/10\/banner-1024x341.jpg 1024w, https:\/\/www.simonskiff.com\/wp-content\/uploads\/2020\/10\/banner-300x100.jpg 300w, https:\/\/www.simonskiff.com\/wp-content\/uploads\/2020\/10\/banner-768x256.jpg 768w\" sizes=\"(max-width: 767px) 89vw, (max-width: 1000px) 54vw, (max-width: 1071px) 543px, 580px\" \/><\/figure>\n\n\n<p>Peux sont capables de dessiner un bateau, le fabriquer enti\u00e8rement avec ses mains et le naviguer. Encore moins sont pr\u00eats \u00e0 partager ce savoir faire et ces sensations.&nbsp;Philippe est l&#8217;un d&#8217;entre eux. Les SimonSkiff sont n\u00e9es de cette volont\u00e9 de rendre la voile accessible \u00e0 tout le monde, et depuis la misa \u00e0 l&#8217;eau du premier la communaut\u00e9 n&#8217;a pas arr\u00eat\u00e9 de grandir.&nbsp;<\/p>","protected":false},"excerpt":{"rendered":"<p>Philippe Simon navigue et soigne des bateaux en bois depuis 40 ans. Sept transats dans ses \u00e9paules, dont trois en solitaire, et vingt travers\u00e9s du Golfe de Gascogne. Nombreux grands chantiers ont pass\u00e9 entre ses mains, dont les deux m\u00e2ts du Pride of Baltimore, l&#8217;un des voiliers les plus sublimes qui traversent aujourd&#8217;hui les mers.&nbsp; &hellip; <\/p>\n<p class=\"link-more\"><a href=\"https:\/\/www.simonskiff.com\/index.php\/philippe-simon\/\" class=\"more-link\">Continue reading<span class=\"screen-reader-text\"> &#8220;Philippe Simon&#8221;<\/span><\/a><\/p>\n","protected":false},"author":1,"featured_media":0,"parent":0,"menu_order":0,"comment_status":"closed","ping_status":"closed","template":"","meta":{"footnotes":""},"_links":{"self":[{"href":"https:\/\/www.simonskiff.com\/index.php\/wp-json\/wp\/v2\/pages\/155"}],"collection":[{"href":"https:\/\/www.simonskiff.com\/index.php\/wp-json\/wp\/v2\/pages"}],"about":[{"href":"https:\/\/www.simonskiff.com\/index.php\/wp-json\/wp\/v2\/types\/page"}],"author":[{"embeddable":true,"href":"https:\/\/www.simonskiff.com\/index.php\/wp-json\/wp\/v2\/users\/1"}],"replies":[{"embeddable":true,"href":"https:\/\/www.simonskiff.com\/index.php\/wp-json\/wp\/v2\/comments?post=155"}],"version-history":[{"count":3,"href":"https:\/\/www.simonskiff.com\/index.php\/wp-json\/wp\/v2\/pages\/155\/revisions"}],"predecessor-version":[{"id":159,"href":"https:\/\/www.simonskiff.com\/index.php\/wp-json\/wp\/v2\/pages\/155\/revisions\/159"}],"wp:attachment":[{"href":"https:\/\/www.simonskiff.com\/index.php\/wp-json\/wp\/v2\/media?parent=155"}],"curies":[{"name":"wp","href":"https:\/\/api.w.org\/{rel}","templated":true}]}}