{"id":126,"date":"2020-10-08T17:12:55","date_gmt":"2020-10-08T15:12:55","guid":{"rendered":"http:\/\/simon.reverlo.fr\/?page_id=126"},"modified":"2020-10-28T23:00:56","modified_gmt":"2020-10-28T22:00:56","slug":"la-flotille","status":"publish","type":"page","link":"https:\/\/www.simonskiff.com\/index.php\/la-flotille\/","title":{"rendered":"Auto-construction"},"content":{"rendered":"\n<p>Participez aux ateliers d&#8217;auto-construction accompagn\u00e9e \u00e0 F\u00e9rel (56) et construisez votre bateau sur plans originaux.<\/p>\n\n\n\n<figure class=\"wp-block-image\"><img decoding=\"async\" loading=\"lazy\" width=\"1024\" height=\"683\" src=\"https:\/\/www.simonskiff.com\/wp-content\/uploads\/2020\/10\/P1010255-1024x683.jpg\" alt=\"\" class=\"wp-image-213\" srcset=\"https:\/\/www.simonskiff.com\/wp-content\/uploads\/2020\/10\/P1010255-1024x683.jpg 1024w, https:\/\/www.simonskiff.com\/wp-content\/uploads\/2020\/10\/P1010255-300x200.jpg 300w, https:\/\/www.simonskiff.com\/wp-content\/uploads\/2020\/10\/P1010255-768x512.jpg 768w\" sizes=\"(max-width: 767px) 89vw, (max-width: 1000px) 54vw, (max-width: 1071px) 543px, 580px\" \/><\/figure>\n\n\n\n<figure class=\"wp-block-image\"><img decoding=\"async\" loading=\"lazy\" width=\"1024\" height=\"576\" src=\"https:\/\/www.simonskiff.com\/wp-content\/uploads\/2020\/10\/P8180013-1024x576.jpg\" alt=\"\" class=\"wp-image-209\" srcset=\"https:\/\/www.simonskiff.com\/wp-content\/uploads\/2020\/10\/P8180013-1024x576.jpg 1024w, https:\/\/www.simonskiff.com\/wp-content\/uploads\/2020\/10\/P8180013-300x169.jpg 300w, https:\/\/www.simonskiff.com\/wp-content\/uploads\/2020\/10\/P8180013-768x432.jpg 768w\" sizes=\"(max-width: 767px) 89vw, (max-width: 1000px) 54vw, (max-width: 1071px) 543px, 580px\" \/><\/figure>\n\n\n\n<p>Les bateaux peuvent aussi \u00eatre livr\u00e9s finis, sur mesure, pr\u00eats \u00e0 naviguer avec les couleurs et finitions au choix.  <\/p>\n\n\n\n<p>Possibilit\u00e9 d&#8217;acheter en kit avec toutes les pieces et mat\u00e9riaux : Contre-plaqu\u00e9, boiserie, r\u00e9sine,  strate, peinture, vernis, voile, m\u00e2t, accastillage&#8230;     <\/p>\n\n\n\n<p>et motoris\u00e9s avec moteur \u00e9lectrique. <\/p>\n","protected":false},"excerpt":{"rendered":"<p>Participez aux ateliers d&#8217;auto-construction accompagn\u00e9e \u00e0 F\u00e9rel (56) et construisez votre bateau sur plans originaux. Les bateaux peuvent aussi \u00eatre livr\u00e9s finis, sur mesure, pr\u00eats \u00e0 naviguer avec les couleurs et finitions au choix. Possibilit\u00e9 d&#8217;acheter en kit avec toutes les pieces et mat\u00e9riaux : Contre-plaqu\u00e9, boiserie, r\u00e9sine, strate, peinture, vernis, voile, m\u00e2t, accastillage&#8230; et &hellip; <\/p>\n<p class=\"link-more\"><a href=\"https:\/\/www.simonskiff.com\/index.php\/la-flotille\/\" class=\"more-link\">Continue reading<span class=\"screen-reader-text\"> &#8220;Auto-construction&#8221;<\/span><\/a><\/p>\n","protected":false},"author":1,"featured_media":0,"parent":0,"menu_order":0,"comment_status":"closed","ping_status":"closed","template":"","meta":{"footnotes":""},"_links":{"self":[{"href":"https:\/\/www.simonskiff.com\/index.php\/wp-json\/wp\/v2\/pages\/126"}],"collection":[{"href":"https:\/\/www.simonskiff.com\/index.php\/wp-json\/wp\/v2\/pages"}],"about":[{"href":"https:\/\/www.simonskiff.com\/index.php\/wp-json\/wp\/v2\/types\/page"}],"author":[{"embeddable":true,"href":"https:\/\/www.simonskiff.com\/index.php\/wp-json\/wp\/v2\/users\/1"}],"replies":[{"embeddable":true,"href":"https:\/\/www.simonskiff.com\/index.php\/wp-json\/wp\/v2\/comments?post=126"}],"version-history":[{"count":4,"href":"https:\/\/www.simonskiff.com\/index.php\/wp-json\/wp\/v2\/pages\/126\/revisions"}],"predecessor-version":[{"id":214,"href":"https:\/\/www.simonskiff.com\/index.php\/wp-json\/wp\/v2\/pages\/126\/revisions\/214"}],"wp:attachment":[{"href":"https:\/\/www.simonskiff.com\/index.php\/wp-json\/wp\/v2\/media?parent=126"}],"curies":[{"name":"wp","href":"https:\/\/api.w.org\/{rel}","templated":true}]}}